{"id":6,"date":"2016-02-11T10:50:24","date_gmt":"2016-02-11T10:50:24","guid":{"rendered":"http:\/\/www.dashcocktailbar.pl\/?page_id=6"},"modified":"2024-05-27T09:22:42","modified_gmt":"2024-05-27T07:22:42","slug":"home-1","status":"publish","type":"page","link":"https:\/\/www.dashcocktailbar.pl\/","title":{"rendered":"Home 1"},"content":{"rendered":"<p>[vc_row][vc_column]<div class=\"columns_wrap sc_columns columns_nofluid sc_columns_count_3 margin_bottom_huge_s \" data-animation=\"animated fadeInUp normal\"><div class=\"column-1_3 sc_column_item sc_column_item_1 odd first\"><h5 class=\"sc_title sc_title_regular sc_align_left margin_top_small margin_bottom_tiny\" style=\"text-align:left;\">KR\u00d3TKO O DASH<\/h5><h1 class=\"sc_title sc_title_regular sc_align_left margin_top_null margin_bottom_small\" style=\"text-align:left;\">Drodzy Go\u015bcie!<\/h1><h3 class=\"sc_title sc_title_regular\" style=\"margin-bottom: 1.4rem;font-size:1.5556em;\">Gdyby tak przenie\u015b\u0107 si\u0119 w czasie i wzbogaci\u0107 swe doznania zmys\u0142owe o subtelno\u015b\u0107 naszych cocktaili.<\/h3>[vc_column_text]Rozkocha\u0107 si\u0119 w naszych uwodzicielskich wn\u0119trzach i pozwoli\u0107, by d\u017awi\u0119ki instrument\u00f3w zniewalaj\u0105co dope\u0142nia\u0142y ca\u0142o\u015bci.<\/p>\n<p>Zosta\u0144my dashem zmys\u0142owego bittersa w cocktailu Waszej codzienno\u015bci.[\/vc_column_text]<\/div><div class=\"column-1_3 sc_column_item sc_column_item_2 even\"><figure class=\"sc_image  sc_image_shape_square margin_top_huge margin_left_small\"><img decoding=\"async\" src=\"https:\/\/www.dashcocktailbar.pl\/wp-content\/uploads\/2018\/11\/home-1-welcome-1.png\" alt=\"\" \/><\/figure><\/div><div class=\"column-1_3 sc_column_item sc_column_item_3 odd\"><figure class=\"sc_image  sc_image_shape_square margin_top_small margin_bottom_null\"><img decoding=\"async\" src=\"https:\/\/www.dashcocktailbar.pl\/wp-content\/uploads\/2018\/11\/DASH-52.jpg\" alt=\"\" \/><\/figure><div class=\"sc_section margin_top_null section_style_colored\" style=\"background-color:#c1996f;\"><div class=\"sc_section_inner\"><div class=\"sc_section_overlay\" style=\"\"><div class=\"sc_section_content padding_on\" style=\"\"><div class=\"sc_section section_style_nopaddings\"><div class=\"sc_section_inner\"><h2 class=\"sc_title sc_title_regular sc_align_center\" style=\"margin-top: 1.55rem;margin-bottom: 0.1em;text-align:center;color:#ffffff;\">Godziny otwarcia<\/h2>[vc_column_text css=&#8221;.vc_custom_1716794553811{margin-bottom: 0.3em !important;}&#8221;]<\/p>\n<p class=\"white\" style=\"text-align: center;\">WT \u2013 SOB.: OD 19<\/p>\n<p>[\/vc_column_text]<\/div><\/div><\/div><\/div><\/div><\/div><\/div><\/div>[\/vc_column][\/vc_row][vc_row full_width=&#8221;stretch_row&#8221; css=&#8221;.vc_custom_1541272015213{background-image: url(http:\/\/www.dashcocktailbar.pl\/wp-content\/uploads\/2018\/11\/DASH-290918-4-1.jpg?id=1477) !important;background-position: center !important;background-repeat: no-repeat !important;background-size: cover !important;}&#8221;][vc_column]<div id=\"sc_services_1037234191_wrap\" class=\"sc_services_wrap\"><div id=\"sc_services_1037234191\" class=\"sc_services sc_services_style_services-3 sc_services_type_images  margin_top_huges margin_bottom_huge\" style=\"width:100%;\" data-animation=\"animated fadeInUp normal\"><h6 class=\"sc_services_subtitle sc_item_subtitle\">We w\u0142asnym stylu<\/h6><h1 class=\"sc_services_title sc_item_title\">WYJ\u0104TKOWY KLIMAT<\/h1><div class=\"sc_columns columns_wrap\"><div class=\"column-1_3 column_padding_bottom\">\t\t\t<div id=\"sc_services_1037234191_1\"\t\t\t\tclass=\"sc_services_item sc_services_item_1 odd first\"\n\t\t\t\t>\n\t\t\t\t\t\t\t\t\t<div class=\"sc_services_item_featured post_featured\">\n\t\t\t\t\t\t\t<div class=\"post_thumb\" data-image=\"https:\/\/www.dashcocktailbar.pl\/wp-content\/uploads\/2018\/02\/Autorskie-cocktaile.jpg\" data-title=\"Autorskie cocktaile\">\n\t<a class=\"hover_icon hover_icon_link\" href=\"https:\/\/www.dashcocktailbar.pl\/index.php\/services\/autorskie-cocktaile\/\"><img loading=\"lazy\" decoding=\"async\" class=\"wp-post-image\" width=\"740\" height=\"740\" alt=\"Autorskie cocktaile\" src=\"https:\/\/www.dashcocktailbar.pl\/wp-content\/uploads\/2018\/02\/Autorskie-cocktaile-740x740.jpg\"><\/a>\t<\/div>\n\t\t\t\t\t\t<\/div>\n\t\t\t\t\t<h2 class=\"sc_services_item_title\">Autorskie cocktaile<\/h2>\t\t\t<\/div>\n\t\t<\/div><div class=\"column-1_3 column_padding_bottom\">\t\t\t<div id=\"sc_services_1037234191_2\"\t\t\t\tclass=\"sc_services_item sc_services_item_2 even\"\n\t\t\t\t>\n\t\t\t\t\t\t\t\t\t<div class=\"sc_services_item_featured post_featured\">\n\t\t\t\t\t\t\t<div class=\"post_thumb\" data-image=\"https:\/\/www.dashcocktailbar.pl\/wp-content\/uploads\/2018\/02\/Muzyka-na-\u017cywo.jpg\" data-title=\"Muzyka na \u017cywo\">\n\t<a class=\"hover_icon hover_icon_link\" href=\"https:\/\/www.dashcocktailbar.pl\/index.php\/services\/muzyka-na-zywo\/\"><img loading=\"lazy\" decoding=\"async\" class=\"wp-post-image\" width=\"740\" height=\"740\" alt=\"Muzyka na \u017cywo\" src=\"https:\/\/www.dashcocktailbar.pl\/wp-content\/uploads\/2018\/02\/Muzyka-na-\u017cywo-740x740.jpg\"><\/a>\t<\/div>\n\t\t\t\t\t\t<\/div>\n\t\t\t\t\t<h2 class=\"sc_services_item_title\">Muzyka na \u017cywo<\/h2>\t\t\t<\/div>\n\t\t<\/div><div class=\"column-1_3 column_padding_bottom\">\t\t\t<div id=\"sc_services_1037234191_3\"\t\t\t\tclass=\"sc_services_item sc_services_item_3 odd\"\n\t\t\t\t>\n\t\t\t\t\t\t\t\t\t<div class=\"sc_services_item_featured post_featured\">\n\t\t\t\t\t\t\t<div class=\"post_thumb\" data-image=\"https:\/\/www.dashcocktailbar.pl\/wp-content\/uploads\/2016\/02\/DASH-290918-10.jpg\" data-title=\"Klimat z lat 20\">\n\t<a class=\"hover_icon hover_icon_link\" href=\"https:\/\/www.dashcocktailbar.pl\/index.php\/services\/klimat\/\"><img loading=\"lazy\" decoding=\"async\" class=\"wp-post-image\" width=\"740\" height=\"740\" alt=\"Klimat z lat 20\" src=\"https:\/\/www.dashcocktailbar.pl\/wp-content\/uploads\/2016\/02\/DASH-290918-10-740x740.jpg\"><\/a>\t<\/div>\n\t\t\t\t\t\t<\/div>\n\t\t\t\t\t<h2 class=\"sc_services_item_title\">Klimat z lat 20<\/h2>\t\t\t<\/div>\n\t\t<\/div><\/div><\/div><!-- \/.sc_services --><\/div><!-- \/.sc_services_wrap -->[\/vc_column][\/vc_row][vc_row el_id=&#8221;odash&#8221;][vc_column]<div class=\"sc_section margin_top_huges \" data-animation=\"animated fadeInUp normal\"><div class=\"sc_section_inner\"><h5 class=\"sc_title sc_title_regular sc_align_left margin_top_small margin_bottom_tiny\" style=\"text-align:left;\">Jako\u015b\u0107 w starannej selekcji<\/h5><h1 class=\"sc_title sc_title_regular sc_align_left margin_top_null margin_bottom_null\" style=\"text-align:left;\">Modern Classic Cocktails<\/h1><div id=\"sc_tabs_1810643424\" class=\"sc_tabs sc_tabs_style_1 margin_top_large- title_position_right\" data-active=\"0\"><ul class=\"sc_tabs_titles\"><li class=\"sc_tabs_title first\"><a href=\"#sc_tab_1453389873_2_6\" class=\"theme_button\" id=\"sc_tab_1453389873_2_6_tab\">DASH<\/a><\/li><\/ul><div id=\"sc_tab_1453389873_2_6\" class=\"sc_tabs_content odd first\"><div class=\"sc_section column-1_2\"><div class=\"sc_section_inner\"><ul class=\"sc_list sc_list_style_menu\"><li class=\"sc_list_item odd first\"><div class=\"columns_wrap sc_columns columns_nofluid sc_columns_count_7\"><div class=\"column-7_7 sc_column_item sc_column_item_1 odd first span_7\"><h3 class=\"sc_title sc_title_regular\">Czym jest DASH?<\/h3>[vc_column_text]<\/p>\n<p class=\"ox-faa0af237c-gmail-MsoListParagraphCxSpMiddle\">DASH to po\u0142\u0105czenie najwi\u0119kszych warto\u015bci klasycznej, przedwojennej \u00a0kultury picia cocktaili z wyselekcjonowanych alkoholi i \u015bwie\u017cych dodatk\u00f3w. Niespotykany styl i atmosfera autentycznych wn\u0119trz stuletniej kamienicy, wraz z wyj\u0105tkow\u0105 obs\u0142ug\u0105 tworz\u0105 niecodzienn\u0105 warto\u015b\u0107, kt\u00f3r\u0105 trzeba do\u015bwiadczy\u0107. D\u017awi\u0119ki muzyki na \u017cywo w konwencji najlepszych jazzowych aran\u017cacji dope\u0142niaj\u0105 ca\u0142o\u015bci.<\/p>\n<p>[\/vc_column_text]<\/div><\/div><\/li><\/ul><\/div><\/div><div class=\"sc_section column-1_2\"><div class=\"sc_section_inner\"><ul class=\"sc_list sc_list_style_menu\"><li class=\"sc_list_item odd first\"><div class=\"columns_wrap sc_columns columns_nofluid sc_columns_count_7\"><div class=\"column-7_7 sc_column_item sc_column_item_1 odd first span_7\">[vc_empty_space height=&#8221;36px&#8221;][vc_column_text]<\/p>\n<p class=\"ox-faa0af237c-gmail-MsoListParagraphCxSpMiddle\">Wyj\u0105tkowo\u015b\u0107 naszych cocktaili tworzy przede wszystkim nieoczywista koncepcja zestawienia najlepszych warto\u015bci przedwojennego stylu, z nowoczesnymi trendami barma\u0144stwa. Po\u0142\u0105czenie klasycznych cocktaili wraz z unikalnymi recepturami pozwalaj\u0105 nam stworzy\u0107 dla Was nowoczesn\u0105 ods\u0142on\u0119 cocktaili, a dodatek bittersa otwiera pe\u0142nie smaku. Wybierz sw\u00f3j DASH w gamie bitters\u00f3w.<\/p>\n<p>[\/vc_column_text]<\/div><\/div><\/li><\/ul><\/div><\/div><\/div><\/div><\/div><\/div>[\/vc_column][\/vc_row][vc_row full_width=&#8221;stretch_row_content_no_spaces&#8221; el_id=&#8221;galeria&#8221;][vc_column][vc_column_text][\/vc_column_text][\/vc_column][\/vc_row]<\/p>\n","protected":false},"excerpt":{"rendered":"<p>[vc_row][vc_column][\/vc_column][\/vc_row][vc_row full_width=&#8221;stretch_row&#8221; css=&#8221;.vc_custom_1541272015213{background-image: url(http:\/\/www.dashcocktailbar.pl\/wp-content\/uploads\/2018\/11\/DASH-290918-4-1.jpg?id=1477) !important;background-position: center !important;background-repeat: no-repeat !important;background-size: cover !important;}&#8221;][vc_column][\/vc_column][\/vc_row][vc_row el_id=&#8221;odash&#8221;][vc_column][\/vc_column][\/vc_row][vc_row full_width=&#8221;stretch_row_content_no_spaces&#8221; el_id=&#8221;galeria&#8221;][vc_column][vc_column_text][\/vc_column_text][\/vc_column][\/vc_row]<\/p>\n","protected":false},"author":1,"featured_media":0,"parent":0,"menu_order":0,"comment_status":"closed","ping_status":"closed","template":"","meta":{"footnotes":""},"class_list":["post-6","page","type-page","status-publish","hentry"],"_links":{"self":[{"href":"https:\/\/www.dashcocktailbar.pl\/index.php\/wp-json\/wp\/v2\/pages\/6","targetHints":{"allow":["GET"]}}],"collection":[{"href":"https:\/\/www.dashcocktailbar.pl\/index.php\/wp-json\/wp\/v2\/pages"}],"about":[{"href":"https:\/\/www.dashcocktailbar.pl\/index.php\/wp-json\/wp\/v2\/types\/page"}],"author":[{"embeddable":true,"href":"https:\/\/www.dashcocktailbar.pl\/index.php\/wp-json\/wp\/v2\/users\/1"}],"replies":[{"embeddable":true,"href":"https:\/\/www.dashcocktailbar.pl\/index.php\/wp-json\/wp\/v2\/comments?post=6"}],"version-history":[{"count":20,"href":"https:\/\/www.dashcocktailbar.pl\/index.php\/wp-json\/wp\/v2\/pages\/6\/revisions"}],"predecessor-version":[{"id":1507,"href":"https:\/\/www.dashcocktailbar.pl\/index.php\/wp-json\/wp\/v2\/pages\/6\/revisions\/1507"}],"wp:attachment":[{"href":"https:\/\/www.dashcocktailbar.pl\/index.php\/wp-json\/wp\/v2\/media?parent=6"}],"curies":[{"name":"wp","href":"https:\/\/api.w.org\/{rel}","templated":true}]}}